{"id":11329,"date":"2024-06-25T06:49:16","date_gmt":"2024-06-25T05:49:16","guid":{"rendered":"https:\/\/max-light.com\/polityka-prywatnosci\/"},"modified":"2025-05-21T11:42:40","modified_gmt":"2025-05-21T11:42:40","slug":"adatvedelmi-szabalyzat","status":"publish","type":"page","link":"https:\/\/max-light.com\/hu\/adatvedelmi-szabalyzat\/","title":{"rendered":"Adatv\u00e9delmi szab\u00e1lyzat"},"content":{"rendered":"\n<p>Az \u00d6n \u00e1ltal megadott adatok kezel\u0151je a FIRMA HANDLOWA MAX-FLIZ SP\u00d3\u0141KA Z OGRANICZON\u0104 ODPOWIEDZIALNO\u015aCI\u0104 SP\u00d3\u0141KA KOMANDYTOWA, sz\u00e9khelye: Krakk\u00f3, Zakopia\u0144ska ut. 58, 30 \u2013 418 Krakk\u00f3, KRS-sz\u00e1m: 0000440238, NIP: 6790025640 \u00e9s REGON: 350253750.<\/p>\n\n\n\n<p><strong>Kapcsolat<\/strong><br>Az adminisztr\u00e1torral a orders.maxlight@maxfliz.pl e-mail c\u00edmen, a +48 12 21 12 124 telefonsz\u00e1mon vagy a Zakopia\u0144ska ut. 58, 30\u2013418 Krakk\u00f3.<\/p>\n\n\n\n<p><strong>Milyen adatokat dolgozunk fel<\/strong><br>Az \u00d6n e-mail c\u00edm\u00e9b\u0151l l\u00e9trehozott anonim karakterl\u00e1nc (m\u00e1s n\u00e9ven hash) a Gravatar szolg\u00e1ltat\u00e1shoz ker\u00fclhet, hogy ellen\u0151rizze, haszn\u00e1lja-e. A Gravatar szolg\u00e1ltat\u00e1s adatv\u00e9delmi szab\u00e1lyzata itt \u00e9rhet\u0151 el: https:\/\/automattic.com\/privacy\/. Hozz\u00e1sz\u00f3l\u00e1sod j\u00f3v\u00e1hagy\u00e1sa ut\u00e1n profilk\u00e9ped a nyilv\u00e1noss\u00e1g sz\u00e1m\u00e1ra l\u00e1that\u00f3v\u00e1 v\u00e1lik a hozz\u00e1sz\u00f3l\u00e1soddal \u00f6sszef\u00fcgg\u00e9sben.<\/p>\n\n\n\n<p><strong>C\u00e9l<\/strong><br>A szem\u00e9lyes adatok kezel\u00e9s\u00e9nek f\u0151 c\u00e9lja a szerz\u0151d\u00e9s megk\u00f6t\u00e9se. Term\u00e9keinket szeretn\u00e9nk eladni, \u00d6n pedig meg akarja v\u00e1s\u00e1rolni. B\u00fcszk\u00e9k vagyunk r\u00e1, hogy minket v\u00e1lasztott. A szem\u00e9lyes adatok megad\u00e1sa \u00f6nk\u00e9ntes, azonban a sz\u00fcks\u00e9ges adatok megad\u00e1s\u00e1nak elmulaszt\u00e1sa megakad\u00e1lyozza a szerz\u0151d\u00e9s l\u00e9trej\u00f6tt\u00e9t.<br><br>Ha hozz\u00e1j\u00e1rul\u00e1s\u00e1t adta, a r\u00e9sz\u00fcnkre megadott adatait marketing c\u00e9lokra haszn\u00e1ljuk fel. \u00dczeneteket k\u00fcld\u00fcnk \u00d6nnek, amelyek inform\u00e1ci\u00f3kat tartalmaznak az el\u00e9rhet\u0151 prom\u00f3ci\u00f3kr\u00f3l, esem\u00e9nyekr\u0151l, versenyekr\u0151l \u00e9s b\u00f3nuszokr\u00f3l. Ha az e-mail c\u00edmt\u0151l elt\u00e9r\u0151 adatokat adott meg, akkor az aj\u00e1nlatokat \u00e9s az \u00fczeneteket kifejezetten az \u00d6n sz\u00e1m\u00e1ra tudjuk szem\u00e9lyre szabni. Ennek k\u00f6sz\u00f6nhet\u0151en \u00e9rdekl\u0151d\u00e9s\u00e9nek \u00e9s preferenci\u00e1inak megfelel\u0151 inform\u00e1ci\u00f3kat kap. Senki sem szereti a spamet. Weboldalunk folyamatos fejleszt\u00e9se \u00e9rdek\u00e9ben az \u00d6n \u00e1ltal rendelkez\u00e9s\u00fcnkre bocs\u00e1tott adatokat statisztikai c\u00e9lokra dolgozzuk fel. Egyre jobbak akarunk lenni, ez\u00e9rt t\u00f6k\u00e9letesen kell ismern\u00fcnk a felhaszn\u00e1l\u00f3inkat. Ha b\u00e1rmilyen k\u00e9rd\u00e9se van, forduljon hozz\u00e1nk bizalommal a orders.maxlight@maxfliz.pl e-mail c\u00edmen. Minden k\u00e9ts\u00e9gedre v\u00e1laszolunk.<\/p>\n\n\n\n<p><strong>A feldolgoz\u00e1s alapja<\/strong><br>A weboldalunkon t\u00f6rt\u00e9n\u0151 regisztr\u00e1ci\u00f3 sor\u00e1n \u00d6n \u00e1ltal megadott, a k\u00fcldem\u00e9ny lebonyol\u00edt\u00e1s\u00e1hoz sz\u00fcks\u00e9ges adatokat szerz\u0151d\u00e9s alapj\u00e1n kezelj\u00fck (GDPR 6. cikk (1) bekezd\u00e9s b) pont). Tudnunk kell az \u00d6n nev\u00e9t, c\u00edm\u00e9t \u00e9s telefonsz\u00e1m\u00e1t, hogy el tudjuk k\u00fcldeni a csomagot \u00e9s legal\u00e1bb e-mail c\u00edm\u00e9t, hogy ig\u00e9nybe tudja venni szolg\u00e1ltat\u00e1sainkat \u00e9s fel tudjuk venni \u00d6nnel a kapcsolatot.<br><br>Adatait jogi k\u00f6telezetts\u00e9g teljes\u00edt\u00e9se, p\u00e9ld\u00e1ul visszak\u00fcld\u00e9s vagy panasz teljes\u00edt\u00e9se eset\u00e9n is kezelj\u00fck (GDPR 6. cikk (1) bekezd\u00e9s c) pont).<\/p>\n\n\n\n<p>Az \u00d6n \u00e1ltal marketingc\u00e9lb\u00f3l \u00f6nk\u00e9ntesen megadott adatokat az \u00d6n hozz\u00e1j\u00e1rul\u00e1sa alapj\u00e1n kezelj\u00fck, amely b\u00e1rmikor visszavonhat\u00f3 (GDPR 6. cikk (1) bekezd\u00e9s a) pont).<\/p>\n\n\n\n<p>Az \u00f6nk\u00e9nt megadott adatokat statisztikai c\u00e9lokra is felhaszn\u00e1ljuk. Feldolgoz\u00e1suk alapja a mi jogos \u00e9rdek\u00fcnk (GDPR 6. cikk (1) bekezd\u00e9s f) pont). Tudnunk kell, hogy mi t\u00f6rt\u00e9nik a weboldalunkon, \u00e9s igyeksz\u00fcnk folyamatosan fejleszteni.<\/p>\n\n\n\n<p>Az adatokat az\u00e9rt is kezelj\u00fck, hogy esetlegesen ig\u00e9nyeket \u00e1ll\u00edtsunk fel \u00e9s \u00e9rv\u00e9nyes\u00edts\u00fcnk, vagy v\u00e9dekezz\u00fcnk azokkal szemben. Az adatkezel\u00e9s jogalapja a jogos \u00e9rdek\u00fcnk (GDPR 6. cikk (1) bekezd\u00e9s f) pont), amely jogaink v\u00e9delm\u00e9ben \u00e1ll.<\/p>\n\n\n\n<p><strong>A szem\u00e9lyes adatok feldolgoz\u00e1s\u00e1nak id\u0151tartama<\/strong><br>Az adatokat nem t\u00e1roljuk a kezel\u00e9si c\u00e9l el\u00e9r\u00e9s\u00e9hez sz\u00fcks\u00e9gesn\u00e9l hosszabb ideig. Figyelembe kell venn\u00fcnk azt is, hogy a jogszab\u00e1lyi el\u0151\u00edr\u00e1sok teljes\u00edt\u00e9se \u00e9rdek\u00e9ben (pl. az \u00e1llami hat\u00f3s\u00e1gi ellen\u0151rz\u00e9sek kapcs\u00e1n), illetve a panaszok, megkeres\u00e9sek kezel\u00e9s\u00e9hez, valamint a jogaink v\u00e9delm\u00e9hez mennyi ideig kell adatokat t\u00e1rolnunk. Azon id\u0151szak lej\u00e1rt\u00e1t k\u00f6vet\u0151en, amikor a szem\u00e9lyes adatok feldolgoz\u00e1s\u00e1ra a fenti c\u00e9lok \u00e9rdek\u00e9ben m\u00e1r nincs sz\u00fcks\u00e9g, azok visszaford\u00edthatatlanul t\u00f6rl\u00e9sre ker\u00fclnek.<\/p>\n\n\n\n<p><strong>Kinek tov\u00e1bb\u00edtjuk az adatokat<\/strong><br>A legmagasabb sz\u00ednvonal\u00fa szolg\u00e1ltat\u00e1sok biztos\u00edt\u00e1sa \u00e9rdek\u00e9ben k\u00fcls\u0151 besz\u00e1ll\u00edt\u00f3k szolg\u00e1ltat\u00e1sait vessz\u00fck ig\u00e9nybe. Partnereinket rendk\u00edv\u00fcl k\u00f6r\u00fcltekint\u0151en v\u00e1lasztjuk ki. Az al\u00e1bbiakban bemutatjuk azon entit\u00e1sok kateg\u00f3ri\u00e1j\u00e1t, amelyekhez adatokat szolg\u00e1ltatunk:<\/p>\n\n\n\n<ul class=\"wp-block-list\">\n<li>fut\u00e1r,<\/li>\n\n\n\n<li>visszacsatol\u00f3 rendszer,<\/li>\n\n\n\n<li>rendszer a visszak\u00fcld\u00e9sek \u00e9s panaszok hat\u00e9kony kezel\u00e9s\u00e9re,<\/li>\n\n\n\n<li>hosting c\u00e9g,<\/li>\n\n\n\n<li>\u00fcgyf\u00e9lkommunik\u00e1ci\u00f3s rendszer,<\/li>\n\n\n\n<li>fizet\u00e9si rendszerek \u00e9s bankok,<\/li>\n\n\n\n<li>sz\u00e1mviteli, jogi, k\u00f6nyvvizsg\u00e1l\u00f3i \u00e9s tan\u00e1csad\u00f3i szolg\u00e1ltat\u00e1sokat ny\u00fajt\u00f3 szervezetek,<\/li>\n\n\n\n<li>az informatikai rendszerek \u00fczemeltet\u00e9s\u00e9\u00e9rt felel\u0151s besz\u00e1ll\u00edt\u00f3k,<\/li>\n\n\n\n<li>illet\u00e9kes hat\u00f3s\u00e1gok vagy harmadik felek, akik ilyen t\u00e1j\u00e9koztat\u00e1s ir\u00e1nti k\u00e9relmet ny\u00fajtanak be, a v\u00e1laszra t\u00e1maszkodva a jogalap alapj\u00e1n \u00e9s az alkalmazand\u00f3 jog rendelkez\u00e9seivel \u00f6sszhangban.<\/li>\n<\/ul>\n\n\n\n<p><\/p>\n","protected":false},"excerpt":{"rendered":"<p>Az \u00d6n \u00e1ltal megadott adatok kezel\u0151je a FIRMA HANDLOWA MAX-FLIZ SP\u00d3\u0141KA Z OGRANICZON\u0104 ODPOWIEDZIALNO\u015aCI\u0104 SP\u00d3\u0141KA KOMANDYTOWA, sz\u00e9khelye: Krakk\u00f3, Zakopia\u0144ska ut. 58, 30 \u2013 418 Krakk\u00f3, KRS-sz\u00e1m: 0000440238, NIP: 6790025640 \u00e9s REGON: 350253750. KapcsolatAz adminisztr\u00e1torral a orders.maxlight@maxfliz.pl e-mail c\u00edmen, a +48 12 21 12 124 telefonsz\u00e1mon vagy a Zakopia\u0144ska ut. 58, 30\u2013418 Krakk\u00f3. Milyen adatokat dolgozunk [&hellip;]<\/p>\n","protected":false},"author":1,"featured_media":0,"parent":0,"menu_order":0,"comment_status":"closed","ping_status":"closed","template":"","meta":{"_acf_changed":false,"footnotes":""},"class_list":["post-11329","page","type-page","status-publish","hentry"],"acf":[],"_links":{"self":[{"href":"https:\/\/max-light.com\/hu\/wp-json\/wp\/v2\/pages\/11329","targetHints":{"allow":["GET"]}}],"collection":[{"href":"https:\/\/max-light.com\/hu\/wp-json\/wp\/v2\/pages"}],"about":[{"href":"https:\/\/max-light.com\/hu\/wp-json\/wp\/v2\/types\/page"}],"author":[{"embeddable":true,"href":"https:\/\/max-light.com\/hu\/wp-json\/wp\/v2\/users\/1"}],"replies":[{"embeddable":true,"href":"https:\/\/max-light.com\/hu\/wp-json\/wp\/v2\/comments?post=11329"}],"version-history":[{"count":7,"href":"https:\/\/max-light.com\/hu\/wp-json\/wp\/v2\/pages\/11329\/revisions"}],"predecessor-version":[{"id":25969,"href":"https:\/\/max-light.com\/hu\/wp-json\/wp\/v2\/pages\/11329\/revisions\/25969"}],"wp:attachment":[{"href":"https:\/\/max-light.com\/hu\/wp-json\/wp\/v2\/media?parent=11329"}],"curies":[{"name":"wp","href":"https:\/\/api.w.org\/{rel}","templated":true}]}}