{"id":11224,"date":"2024-10-08T10:17:52","date_gmt":"2024-10-08T09:17:52","guid":{"rendered":"https:\/\/max-light.com\/wspolpraca-b2b\/strefa-partnera\/"},"modified":"2025-12-01T10:32:28","modified_gmt":"2025-12-01T10:32:28","slug":"partner-zona","status":"publish","type":"page","link":"https:\/\/max-light.com\/hu\/b2b-zona\/partner-zona\/","title":{"rendered":"Partner z\u00f3na"},"content":{"rendered":"","protected":false},"excerpt":{"rendered":"","protected":false},"author":3,"featured_media":0,"parent":11222,"menu_order":0,"comment_status":"closed","ping_status":"closed","template":"template-pages\/partner-zone.php","meta":{"_acf_changed":false,"footnotes":""},"class_list":["post-11224","page","type-page","status-publish","hentry"],"acf":{"access_zone_data":[{"key":"maxlightpl","link_to_page":"https:\/\/strefapartnera.max-light.com\/pl\/"},{"key":"maxlighthu","link_to_page":"https:\/\/strefapartnera.max-light.com\/hu\/"},{"key":"maxlighteng","link_to_page":"https:\/\/strefapartnera.max-light.com\/en\/"},{"key":"maxlightde","link_to_page":"https:\/\/strefapartnera.max-light.com\/de\/"}],"access_zone_btn_text":"L\u00e9pjen a z\u00f3n\u00e1ba.","access_zone_error":"Hib\u00e1s hozz\u00e1f\u00e9r\u00e9si adatok."},"_links":{"self":[{"href":"https:\/\/max-light.com\/hu\/wp-json\/wp\/v2\/pages\/11224","targetHints":{"allow":["GET"]}}],"collection":[{"href":"https:\/\/max-light.com\/hu\/wp-json\/wp\/v2\/pages"}],"about":[{"href":"https:\/\/max-light.com\/hu\/wp-json\/wp\/v2\/types\/page"}],"author":[{"embeddable":true,"href":"https:\/\/max-light.com\/hu\/wp-json\/wp\/v2\/users\/3"}],"replies":[{"embeddable":true,"href":"https:\/\/max-light.com\/hu\/wp-json\/wp\/v2\/comments?post=11224"}],"version-history":[{"count":5,"href":"https:\/\/max-light.com\/hu\/wp-json\/wp\/v2\/pages\/11224\/revisions"}],"predecessor-version":[{"id":113652,"href":"https:\/\/max-light.com\/hu\/wp-json\/wp\/v2\/pages\/11224\/revisions\/113652"}],"up":[{"embeddable":true,"href":"https:\/\/max-light.com\/hu\/wp-json\/wp\/v2\/pages\/11222"}],"wp:attachment":[{"href":"https:\/\/max-light.com\/hu\/wp-json\/wp\/v2\/media?parent=11224"}],"curies":[{"name":"wp","href":"https:\/\/api.w.org\/{rel}","templated":true}]}}