{"id":11218,"date":"2024-07-29T15:32:00","date_gmt":"2024-07-29T14:32:00","guid":{"rendered":"https:\/\/max-light.com\/gdzie-kupic\/"},"modified":"2026-03-31T10:57:21","modified_gmt":"2026-03-31T09:57:21","slug":"gdzie-kupic","status":"publish","type":"page","link":"https:\/\/max-light.com\/hu\/gdzie-kupic\/","title":{"rendered":"Hol v\u00e1s\u00e1rolhat\u00f3 meg ?"},"content":{"rendered":"","protected":false},"excerpt":{"rendered":"","protected":false},"author":3,"featured_media":0,"parent":0,"menu_order":0,"comment_status":"closed","ping_status":"closed","template":"template-pages\/page-whereToBuy.php","meta":{"_acf_changed":false,"footnotes":""},"class_list":["post-11218","page","type-page","status-publish","hentry"],"acf":{"sp_section_title":"Partner bemutat\u00f3termek","csv_partners":163768,"default_country":""},"_links":{"self":[{"href":"https:\/\/max-light.com\/hu\/wp-json\/wp\/v2\/pages\/11218","targetHints":{"allow":["GET"]}}],"collection":[{"href":"https:\/\/max-light.com\/hu\/wp-json\/wp\/v2\/pages"}],"about":[{"href":"https:\/\/max-light.com\/hu\/wp-json\/wp\/v2\/types\/page"}],"author":[{"embeddable":true,"href":"https:\/\/max-light.com\/hu\/wp-json\/wp\/v2\/users\/3"}],"replies":[{"embeddable":true,"href":"https:\/\/max-light.com\/hu\/wp-json\/wp\/v2\/comments?post=11218"}],"version-history":[{"count":16,"href":"https:\/\/max-light.com\/hu\/wp-json\/wp\/v2\/pages\/11218\/revisions"}],"predecessor-version":[{"id":163817,"href":"https:\/\/max-light.com\/hu\/wp-json\/wp\/v2\/pages\/11218\/revisions\/163817"}],"wp:attachment":[{"href":"https:\/\/max-light.com\/hu\/wp-json\/wp\/v2\/media?parent=11218"}],"curies":[{"name":"wp","href":"https:\/\/api.w.org\/{rel}","templated":true}]}}