{"id":20185,"date":"2024-06-25T06:49:16","date_gmt":"2024-06-25T05:49:16","guid":{"rendered":"https:\/\/max-light.com\/polityka-prywatnosci\/"},"modified":"2025-05-21T11:54:04","modified_gmt":"2025-05-21T11:54:04","slug":"privacy-policy","status":"publish","type":"page","link":"https:\/\/max-light.com\/hr\/privacy-policy\/","title":{"rendered":"Politika privatnosti"},"content":{"rendered":"\n<p>Administrator podataka koje ste nam dostavili je FIRMA HANDLOWA MAX-FLIZ SP\u00d3\u0141KA Z OGRANICZON\u0104 ODPOWIEDZIALNO\u015aCI\u0104 SP\u00d3\u0141KA KOMANDYTOWA sa sjedi\u0161tem u Krakovu, ul. Zakopia\u0144ska 58, 30\u2013418 Krak\u00f3w, upisano u sudski registar pod brojem KRS: 0000440238, NIP: 6790025640 i REGON: 350253750.<\/p>\n\n\n\n<p><strong>Kontakt<\/strong><br>S kontaktom s Administratorom mo\u017eete se obratiti putem e-maila: zamowienia.home@maxfliz.pl, telefonom na broj +48 12 21 12 124 ili po\u0161tom na adresu: ul. Zakopia\u0144ska 58, 30\u2013418 Krak\u00f3w.<\/p>\n\n\n\n<p><strong>Koje podatke obra\u0111ujemo<\/strong><br>Anonimizirani niz (tzv. hash) stvoren na temelju va\u0161e e-adrese mo\u017ee biti proslije\u0111en usluzi Gravatar radi provjere koristite li tu uslugu. Pravila o privatnosti usluge Gravatar dostupna su ovdje: https:\/\/automattic.com\/privacy\/. Nakon odobrenja va\u0161eg komentara, profilna slika bit \u0107e vidljiva javnosti u kontekstu va\u0161eg komentara.<\/p>\n\n\n\n<p><strong>Svrha<\/strong><br>Glavna svrha obrade va\u0161ih osobnih podataka je sklapanje ugovora. Mi \u017eelimo prodati na\u0161e proizvode, a vi ih \u017eelite kupiti. Ponosni smo \u0161to ste nas odabrali. Davanje osobnih podataka je dobrovoljno, ali bez njih nije mogu\u0107e sklopiti ugovor.<\/p>\n\n\n\n<p>Ako ste dali privolu, podaci koje ste nam dostavili koristit \u0107e se u marketin\u0161ke svrhe. Slat \u0107emo vam obavijesti o dostupnim promocijama, doga\u0111anjima, natje\u010dajima i bonusima. Ako ste naveli podatke osim e-adrese, mo\u0107i \u0107emo prilagoditi ponude i poruke posebno za vas \u2013 tako \u0107ete dobivati informacije uskla\u0111ene s va\u0161im interesima i preferencijama. Nitko ne voli spam. Kako bismo kontinuirano pobolj\u0161avali na\u0161u web stranicu, obra\u0111ujemo i va\u0161e podatke u statisti\u010dke svrhe. \u017delimo biti sve bolji, stoga moramo dobro poznavati na\u0161e korisnike. Ako imate kakvih pitanja, obratite nam se na zamowienia.home@maxfliz.pl \u2013 odgovoriti \u0107emo na sve va\u0161e nedoumice.<\/p>\n\n\n\n<p><strong>Pravna osnova obrade<\/strong><br>Podatke koje pru\u017eate prilikom registracije na na\u0161oj web stranici, a koji su nu\u017eni za izvr\u0161enje dostave, obra\u0111ujemo na temelju ugovora (\u010dlanak 6. st. 1. to\u010dka b) UREDBE (EU) 2016\/679 \u2013 GDPR. Moramo znati va\u0161e ime, adresu i broj telefona kako bismo vam poslali paket, te barem va\u0161u e-adresu kako biste mogli koristiti na\u0161e usluge i kako bismo vas mogli kontaktirati.<\/p>\n\n\n\n<p>Va\u0161i se podaci obra\u0111uju i radi ispunjenja pravne obveze, kao \u0161to je povrat novca ili reklamacija (\u010dlanak 6. st. 1. to\u010dka c) GDPR).<\/p>\n\n\n\n<p>Podaci koje dobrovoljno dajete za marketin\u0161ke svrhe obra\u0111uju se na temelju va\u0161e privole, koju mo\u017eete u svakom trenutku povu\u0107i (\u010dlanak 6. st. 1. to\u010dka a) GDPR).<\/p>\n\n\n\n<p>Tako\u0111er obra\u0111ujemo podatke koje dobrovoljno dajete u statisti\u010dke svrhe na temelju na\u0161eg opravdanog interesa (\u010dlanak 6. st. 1. to\u010dka f) GDPR). Moramo pratiti \u0161to se doga\u0111a na na\u0161oj stranici kako bismo je stalno unaprje\u0111ivali.<\/p>\n\n\n\n<p>Obra\u0111ujemo i podatke u svrhu eventualnog utvr\u0111ivanja, ostvarivanja ili obrane pravnih zahtjeva. Pravna osnova je tako\u0111er na\u0161 opravdani interes (\u010dlanak 6. st. 1. to\u010dka f) GDPR), usmjeren na za\u0161titu na\u0161ih prava.<\/p>\n\n\n\n<p><strong>Razdoblje pohrane osobnih podataka<\/strong><br>Ne\u0107emo \u010duvati podatke dulje nego \u0161to je potrebno za ostvarenje svrha obrade. Uzimamo u obzir i zakonske rokove u kojima smo obavezni \u010duvati podatke (npr. zbog inspekcija dr\u017eavnih tijela), kao i razdoblja potrebna za rje\u0161avanje reklamacija, upita te za\u0161titu na\u0161ih prava u slu\u010daju potra\u017eivanja. Nakon isteka razdoblja nu\u017enog za navedene svrhe, podaci se trajno bri\u0161u.<\/p>\n\n\n\n<p><strong>Tko prima va\u0161e podatke<\/strong><br>Kako bismo osigurali najvi\u0161u razinu usluge, sura\u0111ujemo s vanjskim pru\u017eateljima usluga. Na\u0161e partnere biramo iznimno pomno. Kategorije primatelja va\u0161ih podataka su:<\/p>\n\n\n\n<ul class=\"wp-block-list\">\n<li>kurirske slu\u017ebe<\/li>\n\n\n\n<li>sustavi za recenzije<\/li>\n\n\n\n<li>sustavi za u\u010dinkovitiju obradu povrata i reklamacija<\/li>\n\n\n\n<li>hosting-tvrtke<\/li>\n\n\n\n<li>sustavi za komunikaciju s korisnicima<\/li>\n\n\n\n<li>platni sustavi i banke<\/li>\n\n\n\n<li>subjekti koji pru\u017eaju ra\u010dunovodstvene, pravne, revizorske i savjetodavne usluge<\/li>\n\n\n\n<li>pru\u017eatelji usluga upravljanja IT-sustavima<\/li>\n\n\n\n<li>nadle\u017ena tijela ili tre\u0107e strane koje temeljem zakonske osnove i u skladu s propisima zatra\u017ee pristup podacima.<\/li>\n<\/ul>\n\n\n\n<p><\/p>\n","protected":false},"excerpt":{"rendered":"<p>Administrator podataka koje ste nam dostavili je FIRMA HANDLOWA MAX-FLIZ SP\u00d3\u0141KA Z OGRANICZON\u0104 ODPOWIEDZIALNO\u015aCI\u0104 SP\u00d3\u0141KA KOMANDYTOWA sa sjedi\u0161tem u Krakovu, ul. Zakopia\u0144ska 58, 30\u2013418 Krak\u00f3w, upisano u sudski registar pod brojem KRS: 0000440238, NIP: 6790025640 i REGON: 350253750. KontaktS kontaktom s Administratorom mo\u017eete se obratiti putem e-maila: zamowienia.home@maxfliz.pl, telefonom na broj +48 12 21 12 [&hellip;]<\/p>\n","protected":false},"author":1,"featured_media":0,"parent":0,"menu_order":0,"comment_status":"closed","ping_status":"closed","template":"","meta":{"_acf_changed":false,"footnotes":""},"class_list":["post-20185","page","type-page","status-publish","hentry"],"acf":[],"_links":{"self":[{"href":"https:\/\/max-light.com\/hr\/wp-json\/wp\/v2\/pages\/20185","targetHints":{"allow":["GET"]}}],"collection":[{"href":"https:\/\/max-light.com\/hr\/wp-json\/wp\/v2\/pages"}],"about":[{"href":"https:\/\/max-light.com\/hr\/wp-json\/wp\/v2\/types\/page"}],"author":[{"embeddable":true,"href":"https:\/\/max-light.com\/hr\/wp-json\/wp\/v2\/users\/1"}],"replies":[{"embeddable":true,"href":"https:\/\/max-light.com\/hr\/wp-json\/wp\/v2\/comments?post=20185"}],"version-history":[{"count":5,"href":"https:\/\/max-light.com\/hr\/wp-json\/wp\/v2\/pages\/20185\/revisions"}],"predecessor-version":[{"id":25974,"href":"https:\/\/max-light.com\/hr\/wp-json\/wp\/v2\/pages\/20185\/revisions\/25974"}],"wp:attachment":[{"href":"https:\/\/max-light.com\/hr\/wp-json\/wp\/v2\/media?parent=20185"}],"curies":[{"name":"wp","href":"https:\/\/api.w.org\/{rel}","templated":true}]}}